{"id":82,"date":"2023-06-07T13:37:11","date_gmt":"2023-06-07T11:37:11","guid":{"rendered":"http:\/\/arts24.eikeborn.de\/homepage\/"},"modified":"2023-08-02T13:19:32","modified_gmt":"2023-08-02T11:19:32","slug":"homepage","status":"publish","type":"page","link":"https:\/\/jungeliebe.store\/en\/","title":{"rendered":"Welcome"},"content":{"rendered":"<p>JungeLiebe - A platform for creative souls<\/p>\n\n\n\n<p>Welcome to JungeLiebe, the place where the most diverse artists meet and present their unique works. With us, painting, photography and drawings merge into a fascinating variety of artistic expressions. We are proud to be a vibrant platform for all creatives who share their passion for art and enrich the world with their unique talents.<\/p>\n\n\n\n<p>Whether you're an art lover looking for a new gem to add to your collection or a curious newbie just diving into the world of art, JungeLiebe is the place for you. Dive into our inspiring gallery and be enchanted by the abundance of artistic expressions. Experience the magic when talent and passion come together to create stunning works of art. We invite you to become part of our creative family and discover the beauty of art at JungeLiebe.<\/p>","protected":false},"excerpt":{"rendered":"<p>JungeLiebe &#8211; Eine Plattform f\u00fcr kreative Seelen Willkommen bei JungeLiebe, dem Ort, an dem die unterschiedlichsten K\u00fcnstler aufeinandertreffen und ihre einzigartigen Werke pr\u00e4sentieren. Bei uns verschmelzen Malerei, Fotografie und Zeichnungen zu einer faszinierenden Vielfalt k\u00fcnstlerischer Ausdrucksformen. Wir sind stolz darauf, eine lebendige Plattform f\u00fcr alle Kreativen zu sein, die ihre Passion f\u00fcr Kunst teilen und [&hellip;]<\/p>","protected":false},"author":1,"featured_media":0,"parent":0,"menu_order":0,"comment_status":"closed","ping_status":"closed","template":"template-homepage.php","meta":{"footnotes":""},"class_list":["post-82","page","type-page","status-publish","hentry"],"yoast_head":"<!-- This site is optimized with the Yoast SEO plugin v21.0 - https:\/\/yoast.com\/wordpress\/plugins\/seo\/ -->\n<title>Willkommen - JungeLiebe | Wandkunst online kaufen<\/title>\n<meta name=\"description\" content=\"Entdecke JungeLiebe: Sch\u00f6nste Wandkunst in verschiedenen Formaten &amp; Materialien. Einfach online kaufen, faire Preise, hohe Qualit\u00e4t &amp; echte K\u00fcnstler!\" \/>\n<meta name=\"robots\" content=\"index, follow, max-snippet:-1, max-image-preview:large, max-video-preview:-1\" \/>\n<link rel=\"canonical\" href=\"https:\/\/jungeliebe.store\/en\/\" \/>\n<meta property=\"og:locale\" content=\"en_US\" \/>\n<meta property=\"og:type\" content=\"article\" \/>\n<meta property=\"og:title\" content=\"Willkommen - JungeLiebe | Wandkunst online kaufen\" \/>\n<meta property=\"og:description\" content=\"Entdecke JungeLiebe: Sch\u00f6nste Wandkunst in verschiedenen Formaten &amp; Materialien. Einfach online kaufen, faire Preise, hohe Qualit\u00e4t &amp; echte K\u00fcnstler!\" \/>\n<meta property=\"og:url\" content=\"https:\/\/jungeliebe.store\/en\/\" \/>\n<meta property=\"og:site_name\" content=\"JungeLiebe\" \/>\n<meta property=\"article:modified_time\" content=\"2023-08-02T11:19:32+00:00\" \/>\n<meta name=\"twitter:card\" content=\"summary_large_image\" \/>\n<meta name=\"twitter:site\" content=\"@JUNGELIEBE4\" \/>\n<meta name=\"twitter:label1\" content=\"Est. reading time\" \/>\n\t<meta name=\"twitter:data1\" content=\"1 minute\" \/>\n<script type=\"application\/ld+json\" class=\"yoast-schema-graph\">{\"@context\":\"https:\/\/schema.org\",\"@graph\":[{\"@type\":\"WebPage\",\"@id\":\"https:\/\/jungeliebe.store\/\",\"url\":\"https:\/\/jungeliebe.store\/\",\"name\":\"Willkommen - JungeLiebe | Wandkunst online kaufen\",\"isPartOf\":{\"@id\":\"https:\/\/jungeliebe.store\/#website\"},\"datePublished\":\"2023-06-07T11:37:11+00:00\",\"dateModified\":\"2023-08-02T11:19:32+00:00\",\"description\":\"Entdecke JungeLiebe: Sch\u00f6nste Wandkunst in verschiedenen Formaten & Materialien. Einfach online kaufen, faire Preise, hohe Qualit\u00e4t & echte K\u00fcnstler!\",\"breadcrumb\":{\"@id\":\"https:\/\/jungeliebe.store\/#breadcrumb\"},\"inLanguage\":\"en-US\",\"potentialAction\":[{\"@type\":\"ReadAction\",\"target\":[\"https:\/\/jungeliebe.store\/\"]}]},{\"@type\":\"BreadcrumbList\",\"@id\":\"https:\/\/jungeliebe.store\/#breadcrumb\",\"itemListElement\":[{\"@type\":\"ListItem\",\"position\":1,\"name\":\"Home\",\"item\":\"https:\/\/jungeliebe.store\/\"},{\"@type\":\"ListItem\",\"position\":2,\"name\":\"Willkommen\"}]},{\"@type\":\"WebSite\",\"@id\":\"https:\/\/jungeliebe.store\/#website\",\"url\":\"https:\/\/jungeliebe.store\/\",\"name\":\"JungeLiebe\",\"description\":\"\",\"publisher\":{\"@id\":\"https:\/\/jungeliebe.store\/#organization\"},\"potentialAction\":[{\"@type\":\"SearchAction\",\"target\":{\"@type\":\"EntryPoint\",\"urlTemplate\":\"https:\/\/jungeliebe.store\/?s={search_term_string}\"},\"query-input\":\"required name=search_term_string\"}],\"inLanguage\":\"en-US\"},{\"@type\":\"Organization\",\"@id\":\"https:\/\/jungeliebe.store\/#organization\",\"name\":\"JungeLiebe\",\"url\":\"https:\/\/jungeliebe.store\/\",\"logo\":{\"@type\":\"ImageObject\",\"inLanguage\":\"en-US\",\"@id\":\"https:\/\/jungeliebe.store\/#\/schema\/logo\/image\/\",\"url\":\"https:\/\/jungeliebe.store\/wp-content\/uploads\/2023\/07\/cropped-Logo_JL_farbig_ANIMATION.png\",\"contentUrl\":\"https:\/\/jungeliebe.store\/wp-content\/uploads\/2023\/07\/cropped-Logo_JL_farbig_ANIMATION.png\",\"width\":2079,\"height\":969,\"caption\":\"JungeLiebe\"},\"image\":{\"@id\":\"https:\/\/jungeliebe.store\/#\/schema\/logo\/image\/\"},\"sameAs\":[\"https:\/\/twitter.com\/JUNGELIEBE4\"]}]}<\/script>\n<!-- \/ Yoast SEO plugin. -->","yoast_head_json":{"title":"Willkommen - JungeLiebe | Wandkunst online kaufen","description":"Entdecke JungeLiebe: Sch\u00f6nste Wandkunst in verschiedenen Formaten & Materialien. Einfach online kaufen, faire Preise, hohe Qualit\u00e4t & echte K\u00fcnstler!","robots":{"index":"index","follow":"follow","max-snippet":"max-snippet:-1","max-image-preview":"max-image-preview:large","max-video-preview":"max-video-preview:-1"},"canonical":"https:\/\/jungeliebe.store\/en\/","og_locale":"en_US","og_type":"article","og_title":"Willkommen - JungeLiebe | Wandkunst online kaufen","og_description":"Entdecke JungeLiebe: Sch\u00f6nste Wandkunst in verschiedenen Formaten & Materialien. Einfach online kaufen, faire Preise, hohe Qualit\u00e4t & echte K\u00fcnstler!","og_url":"https:\/\/jungeliebe.store\/en\/","og_site_name":"JungeLiebe","article_modified_time":"2023-08-02T11:19:32+00:00","twitter_card":"summary_large_image","twitter_site":"@JUNGELIEBE4","twitter_misc":{"Est. reading time":"1 minute"},"schema":{"@context":"https:\/\/schema.org","@graph":[{"@type":"WebPage","@id":"https:\/\/jungeliebe.store\/","url":"https:\/\/jungeliebe.store\/","name":"Willkommen - JungeLiebe | Wandkunst online kaufen","isPartOf":{"@id":"https:\/\/jungeliebe.store\/#website"},"datePublished":"2023-06-07T11:37:11+00:00","dateModified":"2023-08-02T11:19:32+00:00","description":"Entdecke JungeLiebe: Sch\u00f6nste Wandkunst in verschiedenen Formaten & Materialien. Einfach online kaufen, faire Preise, hohe Qualit\u00e4t & echte K\u00fcnstler!","breadcrumb":{"@id":"https:\/\/jungeliebe.store\/#breadcrumb"},"inLanguage":"en-US","potentialAction":[{"@type":"ReadAction","target":["https:\/\/jungeliebe.store\/"]}]},{"@type":"BreadcrumbList","@id":"https:\/\/jungeliebe.store\/#breadcrumb","itemListElement":[{"@type":"ListItem","position":1,"name":"Home","item":"https:\/\/jungeliebe.store\/"},{"@type":"ListItem","position":2,"name":"Willkommen"}]},{"@type":"WebSite","@id":"https:\/\/jungeliebe.store\/#website","url":"https:\/\/jungeliebe.store\/","name":"JungeLiebe","description":"","publisher":{"@id":"https:\/\/jungeliebe.store\/#organization"},"potentialAction":[{"@type":"SearchAction","target":{"@type":"EntryPoint","urlTemplate":"https:\/\/jungeliebe.store\/?s={search_term_string}"},"query-input":"required name=search_term_string"}],"inLanguage":"en-US"},{"@type":"Organization","@id":"https:\/\/jungeliebe.store\/#organization","name":"JungeLiebe","url":"https:\/\/jungeliebe.store\/","logo":{"@type":"ImageObject","inLanguage":"en-US","@id":"https:\/\/jungeliebe.store\/#\/schema\/logo\/image\/","url":"https:\/\/jungeliebe.store\/wp-content\/uploads\/2023\/07\/cropped-Logo_JL_farbig_ANIMATION.png","contentUrl":"https:\/\/jungeliebe.store\/wp-content\/uploads\/2023\/07\/cropped-Logo_JL_farbig_ANIMATION.png","width":2079,"height":969,"caption":"JungeLiebe"},"image":{"@id":"https:\/\/jungeliebe.store\/#\/schema\/logo\/image\/"},"sameAs":["https:\/\/twitter.com\/JUNGELIEBE4"]}]}},"_links":{"self":[{"href":"https:\/\/jungeliebe.store\/en\/wp-json\/wp\/v2\/pages\/82","targetHints":{"allow":["GET"]}}],"collection":[{"href":"https:\/\/jungeliebe.store\/en\/wp-json\/wp\/v2\/pages"}],"about":[{"href":"https:\/\/jungeliebe.store\/en\/wp-json\/wp\/v2\/types\/page"}],"author":[{"embeddable":true,"href":"https:\/\/jungeliebe.store\/en\/wp-json\/wp\/v2\/users\/1"}],"replies":[{"embeddable":true,"href":"https:\/\/jungeliebe.store\/en\/wp-json\/wp\/v2\/comments?post=82"}],"version-history":[{"count":9,"href":"https:\/\/jungeliebe.store\/en\/wp-json\/wp\/v2\/pages\/82\/revisions"}],"predecessor-version":[{"id":403,"href":"https:\/\/jungeliebe.store\/en\/wp-json\/wp\/v2\/pages\/82\/revisions\/403"}],"wp:attachment":[{"href":"https:\/\/jungeliebe.store\/en\/wp-json\/wp\/v2\/media?parent=82"}],"curies":[{"name":"wp","href":"https:\/\/api.w.org\/{rel}","templated":true}]}}