{"id":488,"date":"2023-08-08T18:45:19","date_gmt":"2023-08-08T16:45:19","guid":{"rendered":"https:\/\/jungeliebe.store\/?post_type=product&#038;p=488"},"modified":"2023-08-16T20:23:49","modified_gmt":"2023-08-16T18:23:49","slug":"valencia","status":"publish","type":"product","link":"https:\/\/jungeliebe.store\/en\/product\/valencia\/","title":{"rendered":"Valencia"},"content":{"rendered":"<p>Experience the epitome of summer tranquility with this breathtaking view from Valencia\u2019s coastline. A graceful palm sways against the backdrop of the sparkling blue sea and radiant sky. Immerse yourself in the essence of relaxation and seaside bliss. Discover the allure of Valencia\u2019s sunny shores.<\/p>\n<p>&nbsp;<\/p>\n<p>&nbsp;<\/p>","protected":false},"excerpt":{"rendered":"<p>Serene Summer Vibes: Palms by the Sea in Valencia.<\/p>","protected":false},"featured_media":263,"comment_status":"open","ping_status":"closed","template":"","meta":[],"product_cat":[35],"product_tag":[83,85,102,103,101],"class_list":["post-488","product","type-product","status-publish","has-post-thumbnail","hentry","product_cat-david-roevenich","product_tag-canoneos450d","product_tag-davidrovenich","product_tag-palme","product_tag-sonnenschein","product_tag-valencia"],"yoast_head":"<!-- This site is optimized with the Yoast SEO plugin v21.0 - https:\/\/yoast.com\/wordpress\/plugins\/seo\/ -->\n<title>Valencia - JungeLiebe<\/title>\n<meta name=\"description\" content=\"Dieses eindrucksvolle Bild erz\u00e4hlt die Geschichte eines Mannes, der mit Stolz und Entschlossenheit seine Ernte durch Barranquilla tr\u00e4gt. Es vermittelt den Zauber des Alltags, die Sch\u00f6nheit des Handwerks und die Kultur dieser lebhaften Stadt.\" \/>\n<meta name=\"robots\" content=\"index, follow, max-snippet:-1, max-image-preview:large, max-video-preview:-1\" \/>\n<link rel=\"canonical\" href=\"https:\/\/jungeliebe.store\/en\/product\/valencia\/\" \/>\n<meta property=\"og:locale\" content=\"en_US\" \/>\n<meta property=\"og:type\" content=\"article\" \/>\n<meta property=\"og:title\" content=\"Valencia - JungeLiebe\" \/>\n<meta property=\"og:description\" content=\"Dieses eindrucksvolle Bild erz\u00e4hlt die Geschichte eines Mannes, der mit Stolz und Entschlossenheit seine Ernte durch Barranquilla tr\u00e4gt. Es vermittelt den Zauber des Alltags, die Sch\u00f6nheit des Handwerks und die Kultur dieser lebhaften Stadt.\" \/>\n<meta property=\"og:url\" content=\"https:\/\/jungeliebe.store\/en\/product\/valencia\/\" \/>\n<meta property=\"og:site_name\" content=\"JungeLiebe\" \/>\n<meta property=\"article:modified_time\" content=\"2023-08-16T18:23:49+00:00\" \/>\n<meta property=\"og:image\" content=\"http:\/\/jungeliebe.store\/wp-content\/uploads\/2023\/07\/Valencia-Wasserzeichen.jpg\" \/>\n\t<meta property=\"og:image:width\" content=\"850\" \/>\n\t<meta property=\"og:image:height\" content=\"1276\" \/>\n\t<meta property=\"og:image:type\" content=\"image\/jpeg\" \/>\n<meta name=\"twitter:card\" content=\"summary_large_image\" \/>\n<meta name=\"twitter:site\" content=\"@JUNGELIEBE4\" \/>\n<meta name=\"twitter:label1\" content=\"Est. reading time\" \/>\n\t<meta name=\"twitter:data1\" content=\"1 minute\" \/>\n<script type=\"application\/ld+json\" class=\"yoast-schema-graph\">{\"@context\":\"https:\/\/schema.org\",\"@graph\":[{\"@type\":\"WebPage\",\"@id\":\"https:\/\/jungeliebe.store\/product\/valencia\/\",\"url\":\"https:\/\/jungeliebe.store\/product\/valencia\/\",\"name\":\"Valencia - JungeLiebe\",\"isPartOf\":{\"@id\":\"https:\/\/jungeliebe.store\/#website\"},\"datePublished\":\"2023-08-08T16:45:19+00:00\",\"dateModified\":\"2023-08-16T18:23:49+00:00\",\"description\":\"Dieses eindrucksvolle Bild erz\u00e4hlt die Geschichte eines Mannes, der mit Stolz und Entschlossenheit seine Ernte durch Barranquilla tr\u00e4gt. Es vermittelt den Zauber des Alltags, die Sch\u00f6nheit des Handwerks und die Kultur dieser lebhaften Stadt.\",\"breadcrumb\":{\"@id\":\"https:\/\/jungeliebe.store\/product\/valencia\/#breadcrumb\"},\"inLanguage\":\"en-US\",\"potentialAction\":[{\"@type\":\"ReadAction\",\"target\":[\"https:\/\/jungeliebe.store\/product\/valencia\/\"]}]},{\"@type\":\"BreadcrumbList\",\"@id\":\"https:\/\/jungeliebe.store\/product\/valencia\/#breadcrumb\",\"itemListElement\":[{\"@type\":\"ListItem\",\"position\":1,\"name\":\"Home\",\"item\":\"https:\/\/jungeliebe.store\/\"},{\"@type\":\"ListItem\",\"position\":2,\"name\":\"Shop\",\"item\":\"https:\/\/jungeliebe.store\/shop\/\"},{\"@type\":\"ListItem\",\"position\":3,\"name\":\"Valencia\"}]},{\"@type\":\"WebSite\",\"@id\":\"https:\/\/jungeliebe.store\/#website\",\"url\":\"https:\/\/jungeliebe.store\/\",\"name\":\"JungeLiebe\",\"description\":\"\",\"publisher\":{\"@id\":\"https:\/\/jungeliebe.store\/#organization\"},\"potentialAction\":[{\"@type\":\"SearchAction\",\"target\":{\"@type\":\"EntryPoint\",\"urlTemplate\":\"https:\/\/jungeliebe.store\/?s={search_term_string}\"},\"query-input\":\"required name=search_term_string\"}],\"inLanguage\":\"en-US\"},{\"@type\":\"Organization\",\"@id\":\"https:\/\/jungeliebe.store\/#organization\",\"name\":\"JungeLiebe\",\"url\":\"https:\/\/jungeliebe.store\/\",\"logo\":{\"@type\":\"ImageObject\",\"inLanguage\":\"en-US\",\"@id\":\"https:\/\/jungeliebe.store\/#\/schema\/logo\/image\/\",\"url\":\"https:\/\/jungeliebe.store\/wp-content\/uploads\/2023\/07\/cropped-Logo_JL_farbig_ANIMATION.png\",\"contentUrl\":\"https:\/\/jungeliebe.store\/wp-content\/uploads\/2023\/07\/cropped-Logo_JL_farbig_ANIMATION.png\",\"width\":2079,\"height\":969,\"caption\":\"JungeLiebe\"},\"image\":{\"@id\":\"https:\/\/jungeliebe.store\/#\/schema\/logo\/image\/\"},\"sameAs\":[\"https:\/\/twitter.com\/JUNGELIEBE4\"]}]}<\/script>\n<!-- \/ Yoast SEO plugin. -->","yoast_head_json":{"title":"Valencia - JungeLiebe","description":"Dieses eindrucksvolle Bild erz\u00e4hlt die Geschichte eines Mannes, der mit Stolz und Entschlossenheit seine Ernte durch Barranquilla tr\u00e4gt. Es vermittelt den Zauber des Alltags, die Sch\u00f6nheit des Handwerks und die Kultur dieser lebhaften Stadt.","robots":{"index":"index","follow":"follow","max-snippet":"max-snippet:-1","max-image-preview":"max-image-preview:large","max-video-preview":"max-video-preview:-1"},"canonical":"https:\/\/jungeliebe.store\/en\/product\/valencia\/","og_locale":"en_US","og_type":"article","og_title":"Valencia - JungeLiebe","og_description":"Dieses eindrucksvolle Bild erz\u00e4hlt die Geschichte eines Mannes, der mit Stolz und Entschlossenheit seine Ernte durch Barranquilla tr\u00e4gt. Es vermittelt den Zauber des Alltags, die Sch\u00f6nheit des Handwerks und die Kultur dieser lebhaften Stadt.","og_url":"https:\/\/jungeliebe.store\/en\/product\/valencia\/","og_site_name":"JungeLiebe","article_modified_time":"2023-08-16T18:23:49+00:00","og_image":[{"width":850,"height":1276,"url":"http:\/\/jungeliebe.store\/wp-content\/uploads\/2023\/07\/Valencia-Wasserzeichen.jpg","type":"image\/jpeg"}],"twitter_card":"summary_large_image","twitter_site":"@JUNGELIEBE4","twitter_misc":{"Est. reading time":"1 minute"},"schema":{"@context":"https:\/\/schema.org","@graph":[{"@type":"WebPage","@id":"https:\/\/jungeliebe.store\/product\/valencia\/","url":"https:\/\/jungeliebe.store\/product\/valencia\/","name":"Valencia - JungeLiebe","isPartOf":{"@id":"https:\/\/jungeliebe.store\/#website"},"datePublished":"2023-08-08T16:45:19+00:00","dateModified":"2023-08-16T18:23:49+00:00","description":"Dieses eindrucksvolle Bild erz\u00e4hlt die Geschichte eines Mannes, der mit Stolz und Entschlossenheit seine Ernte durch Barranquilla tr\u00e4gt. Es vermittelt den Zauber des Alltags, die Sch\u00f6nheit des Handwerks und die Kultur dieser lebhaften Stadt.","breadcrumb":{"@id":"https:\/\/jungeliebe.store\/product\/valencia\/#breadcrumb"},"inLanguage":"en-US","potentialAction":[{"@type":"ReadAction","target":["https:\/\/jungeliebe.store\/product\/valencia\/"]}]},{"@type":"BreadcrumbList","@id":"https:\/\/jungeliebe.store\/product\/valencia\/#breadcrumb","itemListElement":[{"@type":"ListItem","position":1,"name":"Home","item":"https:\/\/jungeliebe.store\/"},{"@type":"ListItem","position":2,"name":"Shop","item":"https:\/\/jungeliebe.store\/shop\/"},{"@type":"ListItem","position":3,"name":"Valencia"}]},{"@type":"WebSite","@id":"https:\/\/jungeliebe.store\/#website","url":"https:\/\/jungeliebe.store\/","name":"JungeLiebe","description":"","publisher":{"@id":"https:\/\/jungeliebe.store\/#organization"},"potentialAction":[{"@type":"SearchAction","target":{"@type":"EntryPoint","urlTemplate":"https:\/\/jungeliebe.store\/?s={search_term_string}"},"query-input":"required name=search_term_string"}],"inLanguage":"en-US"},{"@type":"Organization","@id":"https:\/\/jungeliebe.store\/#organization","name":"JungeLiebe","url":"https:\/\/jungeliebe.store\/","logo":{"@type":"ImageObject","inLanguage":"en-US","@id":"https:\/\/jungeliebe.store\/#\/schema\/logo\/image\/","url":"https:\/\/jungeliebe.store\/wp-content\/uploads\/2023\/07\/cropped-Logo_JL_farbig_ANIMATION.png","contentUrl":"https:\/\/jungeliebe.store\/wp-content\/uploads\/2023\/07\/cropped-Logo_JL_farbig_ANIMATION.png","width":2079,"height":969,"caption":"JungeLiebe"},"image":{"@id":"https:\/\/jungeliebe.store\/#\/schema\/logo\/image\/"},"sameAs":["https:\/\/twitter.com\/JUNGELIEBE4"]}]}},"_links":{"self":[{"href":"https:\/\/jungeliebe.store\/en\/wp-json\/wp\/v2\/product\/488","targetHints":{"allow":["GET"]}}],"collection":[{"href":"https:\/\/jungeliebe.store\/en\/wp-json\/wp\/v2\/product"}],"about":[{"href":"https:\/\/jungeliebe.store\/en\/wp-json\/wp\/v2\/types\/product"}],"replies":[{"embeddable":true,"href":"https:\/\/jungeliebe.store\/en\/wp-json\/wp\/v2\/comments?post=488"}],"wp:featuredmedia":[{"embeddable":true,"href":"https:\/\/jungeliebe.store\/en\/wp-json\/wp\/v2\/media\/263"}],"wp:attachment":[{"href":"https:\/\/jungeliebe.store\/en\/wp-json\/wp\/v2\/media?parent=488"}],"wp:term":[{"taxonomy":"product_cat","embeddable":true,"href":"https:\/\/jungeliebe.store\/en\/wp-json\/wp\/v2\/product_cat?post=488"},{"taxonomy":"product_tag","embeddable":true,"href":"https:\/\/jungeliebe.store\/en\/wp-json\/wp\/v2\/product_tag?post=488"}],"curies":[{"name":"wp","href":"https:\/\/api.w.org\/{rel}","templated":true}]}}