{"id":504,"date":"2023-08-08T18:45:29","date_gmt":"2023-08-08T16:45:29","guid":{"rendered":"https:\/\/jungeliebe.store\/?post_type=product&#038;p=504"},"modified":"2023-08-16T20:24:41","modified_gmt":"2023-08-16T18:24:41","slug":"las-vegas","status":"publish","type":"product","link":"https:\/\/jungeliebe.store\/en\/product\/las-vegas\/","title":{"rendered":"Las Vegas"},"content":{"rendered":"<p>Fangen Sie die Essenz urbaner Gelassenheit ein \u2013 mit unserem Dachterrassen-Pool in Las Vegas. Dieses beeindruckende Luftbild zeigt eine friedliche Oase, die sich \u00fcber dem gesch\u00e4ftigen Stadtbild erstreckt. Genie\u00dfen Sie den Kontrast von Entspannung und Aufregung, w\u00e4hrend Menschen im Pool eintauchen oder sich am Beckenrand erholen, umgeben von der lebhaften Energie der Stadt. Von Palmen ges\u00e4umte D\u00e4cher und der weitl\u00e4ufige Hotelparkplatz rahmen die Szenerie ein und bieten eine erfrischende Flucht vor dem Trubel der Stadt. Tauchen Sie ein in die Quintessenz von Las Vegas&#8216; Freizeitangebot, betrachtet aus faszinierender Vogelperspektive.<\/p>","protected":false},"excerpt":{"rendered":"<p>Las Vegas Rooftop Oasis: Aerial View of Tranquil Pool Retreat amidst Urban Splendor.<\/p>","protected":false},"featured_media":260,"comment_status":"open","ping_status":"closed","template":"","meta":[],"product_cat":[35],"product_tag":[83,85,100,104,99],"class_list":["post-504","product","type-product","status-publish","has-post-thumbnail","hentry","product_cat-david-roevenich","product_tag-canoneos450d","product_tag-davidrovenich","product_tag-lasvegas","product_tag-rooftop","product_tag-usa"],"yoast_head":"<!-- This site is optimized with the Yoast SEO plugin v21.0 - https:\/\/yoast.com\/wordpress\/plugins\/seo\/ -->\n<title>Las Vegas - JungeLiebe<\/title>\n<meta name=\"description\" content=\"Dieses eindrucksvolle Bild erz\u00e4hlt die Geschichte eines Mannes, der mit Stolz und Entschlossenheit seine Ernte durch Barranquilla tr\u00e4gt. Es vermittelt den Zauber des Alltags, die Sch\u00f6nheit des Handwerks und die Kultur dieser lebhaften Stadt.\" \/>\n<meta name=\"robots\" content=\"index, follow, max-snippet:-1, max-image-preview:large, max-video-preview:-1\" \/>\n<link rel=\"canonical\" href=\"https:\/\/jungeliebe.store\/en\/product\/las-vegas\/\" \/>\n<meta property=\"og:locale\" content=\"en_US\" \/>\n<meta property=\"og:type\" content=\"article\" \/>\n<meta property=\"og:title\" content=\"Las Vegas - JungeLiebe\" \/>\n<meta property=\"og:description\" content=\"Dieses eindrucksvolle Bild erz\u00e4hlt die Geschichte eines Mannes, der mit Stolz und Entschlossenheit seine Ernte durch Barranquilla tr\u00e4gt. Es vermittelt den Zauber des Alltags, die Sch\u00f6nheit des Handwerks und die Kultur dieser lebhaften Stadt.\" \/>\n<meta property=\"og:url\" content=\"https:\/\/jungeliebe.store\/en\/product\/las-vegas\/\" \/>\n<meta property=\"og:site_name\" content=\"JungeLiebe\" \/>\n<meta property=\"article:modified_time\" content=\"2023-08-16T18:24:41+00:00\" \/>\n<meta property=\"og:image\" content=\"http:\/\/jungeliebe.store\/wp-content\/uploads\/2023\/07\/Las-Vegas-Wasserzeichen.jpg\" \/>\n\t<meta property=\"og:image:width\" content=\"850\" \/>\n\t<meta property=\"og:image:height\" content=\"1276\" \/>\n\t<meta property=\"og:image:type\" content=\"image\/jpeg\" \/>\n<meta name=\"twitter:card\" content=\"summary_large_image\" \/>\n<meta name=\"twitter:site\" content=\"@JUNGELIEBE4\" \/>\n<meta name=\"twitter:label1\" content=\"Est. reading time\" \/>\n\t<meta name=\"twitter:data1\" content=\"1 minute\" \/>\n<script type=\"application\/ld+json\" class=\"yoast-schema-graph\">{\"@context\":\"https:\/\/schema.org\",\"@graph\":[{\"@type\":\"WebPage\",\"@id\":\"https:\/\/jungeliebe.store\/product\/las-vegas\/\",\"url\":\"https:\/\/jungeliebe.store\/product\/las-vegas\/\",\"name\":\"Las Vegas - JungeLiebe\",\"isPartOf\":{\"@id\":\"https:\/\/jungeliebe.store\/#website\"},\"datePublished\":\"2023-08-08T16:45:29+00:00\",\"dateModified\":\"2023-08-16T18:24:41+00:00\",\"description\":\"Dieses eindrucksvolle Bild erz\u00e4hlt die Geschichte eines Mannes, der mit Stolz und Entschlossenheit seine Ernte durch Barranquilla tr\u00e4gt. Es vermittelt den Zauber des Alltags, die Sch\u00f6nheit des Handwerks und die Kultur dieser lebhaften Stadt.\",\"breadcrumb\":{\"@id\":\"https:\/\/jungeliebe.store\/product\/las-vegas\/#breadcrumb\"},\"inLanguage\":\"en-US\",\"potentialAction\":[{\"@type\":\"ReadAction\",\"target\":[\"https:\/\/jungeliebe.store\/product\/las-vegas\/\"]}]},{\"@type\":\"BreadcrumbList\",\"@id\":\"https:\/\/jungeliebe.store\/product\/las-vegas\/#breadcrumb\",\"itemListElement\":[{\"@type\":\"ListItem\",\"position\":1,\"name\":\"Home\",\"item\":\"https:\/\/jungeliebe.store\/\"},{\"@type\":\"ListItem\",\"position\":2,\"name\":\"Shop\",\"item\":\"https:\/\/jungeliebe.store\/shop\/\"},{\"@type\":\"ListItem\",\"position\":3,\"name\":\"Las Vegas\"}]},{\"@type\":\"WebSite\",\"@id\":\"https:\/\/jungeliebe.store\/#website\",\"url\":\"https:\/\/jungeliebe.store\/\",\"name\":\"JungeLiebe\",\"description\":\"\",\"publisher\":{\"@id\":\"https:\/\/jungeliebe.store\/#organization\"},\"potentialAction\":[{\"@type\":\"SearchAction\",\"target\":{\"@type\":\"EntryPoint\",\"urlTemplate\":\"https:\/\/jungeliebe.store\/?s={search_term_string}\"},\"query-input\":\"required name=search_term_string\"}],\"inLanguage\":\"en-US\"},{\"@type\":\"Organization\",\"@id\":\"https:\/\/jungeliebe.store\/#organization\",\"name\":\"JungeLiebe\",\"url\":\"https:\/\/jungeliebe.store\/\",\"logo\":{\"@type\":\"ImageObject\",\"inLanguage\":\"en-US\",\"@id\":\"https:\/\/jungeliebe.store\/#\/schema\/logo\/image\/\",\"url\":\"https:\/\/jungeliebe.store\/wp-content\/uploads\/2023\/07\/cropped-Logo_JL_farbig_ANIMATION.png\",\"contentUrl\":\"https:\/\/jungeliebe.store\/wp-content\/uploads\/2023\/07\/cropped-Logo_JL_farbig_ANIMATION.png\",\"width\":2079,\"height\":969,\"caption\":\"JungeLiebe\"},\"image\":{\"@id\":\"https:\/\/jungeliebe.store\/#\/schema\/logo\/image\/\"},\"sameAs\":[\"https:\/\/twitter.com\/JUNGELIEBE4\"]}]}<\/script>\n<!-- \/ Yoast SEO plugin. -->","yoast_head_json":{"title":"Las Vegas - JungeLiebe","description":"Dieses eindrucksvolle Bild erz\u00e4hlt die Geschichte eines Mannes, der mit Stolz und Entschlossenheit seine Ernte durch Barranquilla tr\u00e4gt. Es vermittelt den Zauber des Alltags, die Sch\u00f6nheit des Handwerks und die Kultur dieser lebhaften Stadt.","robots":{"index":"index","follow":"follow","max-snippet":"max-snippet:-1","max-image-preview":"max-image-preview:large","max-video-preview":"max-video-preview:-1"},"canonical":"https:\/\/jungeliebe.store\/en\/product\/las-vegas\/","og_locale":"en_US","og_type":"article","og_title":"Las Vegas - JungeLiebe","og_description":"Dieses eindrucksvolle Bild erz\u00e4hlt die Geschichte eines Mannes, der mit Stolz und Entschlossenheit seine Ernte durch Barranquilla tr\u00e4gt. Es vermittelt den Zauber des Alltags, die Sch\u00f6nheit des Handwerks und die Kultur dieser lebhaften Stadt.","og_url":"https:\/\/jungeliebe.store\/en\/product\/las-vegas\/","og_site_name":"JungeLiebe","article_modified_time":"2023-08-16T18:24:41+00:00","og_image":[{"width":850,"height":1276,"url":"http:\/\/jungeliebe.store\/wp-content\/uploads\/2023\/07\/Las-Vegas-Wasserzeichen.jpg","type":"image\/jpeg"}],"twitter_card":"summary_large_image","twitter_site":"@JUNGELIEBE4","twitter_misc":{"Est. reading time":"1 minute"},"schema":{"@context":"https:\/\/schema.org","@graph":[{"@type":"WebPage","@id":"https:\/\/jungeliebe.store\/product\/las-vegas\/","url":"https:\/\/jungeliebe.store\/product\/las-vegas\/","name":"Las Vegas - JungeLiebe","isPartOf":{"@id":"https:\/\/jungeliebe.store\/#website"},"datePublished":"2023-08-08T16:45:29+00:00","dateModified":"2023-08-16T18:24:41+00:00","description":"Dieses eindrucksvolle Bild erz\u00e4hlt die Geschichte eines Mannes, der mit Stolz und Entschlossenheit seine Ernte durch Barranquilla tr\u00e4gt. Es vermittelt den Zauber des Alltags, die Sch\u00f6nheit des Handwerks und die Kultur dieser lebhaften Stadt.","breadcrumb":{"@id":"https:\/\/jungeliebe.store\/product\/las-vegas\/#breadcrumb"},"inLanguage":"en-US","potentialAction":[{"@type":"ReadAction","target":["https:\/\/jungeliebe.store\/product\/las-vegas\/"]}]},{"@type":"BreadcrumbList","@id":"https:\/\/jungeliebe.store\/product\/las-vegas\/#breadcrumb","itemListElement":[{"@type":"ListItem","position":1,"name":"Home","item":"https:\/\/jungeliebe.store\/"},{"@type":"ListItem","position":2,"name":"Shop","item":"https:\/\/jungeliebe.store\/shop\/"},{"@type":"ListItem","position":3,"name":"Las Vegas"}]},{"@type":"WebSite","@id":"https:\/\/jungeliebe.store\/#website","url":"https:\/\/jungeliebe.store\/","name":"JungeLiebe","description":"","publisher":{"@id":"https:\/\/jungeliebe.store\/#organization"},"potentialAction":[{"@type":"SearchAction","target":{"@type":"EntryPoint","urlTemplate":"https:\/\/jungeliebe.store\/?s={search_term_string}"},"query-input":"required name=search_term_string"}],"inLanguage":"en-US"},{"@type":"Organization","@id":"https:\/\/jungeliebe.store\/#organization","name":"JungeLiebe","url":"https:\/\/jungeliebe.store\/","logo":{"@type":"ImageObject","inLanguage":"en-US","@id":"https:\/\/jungeliebe.store\/#\/schema\/logo\/image\/","url":"https:\/\/jungeliebe.store\/wp-content\/uploads\/2023\/07\/cropped-Logo_JL_farbig_ANIMATION.png","contentUrl":"https:\/\/jungeliebe.store\/wp-content\/uploads\/2023\/07\/cropped-Logo_JL_farbig_ANIMATION.png","width":2079,"height":969,"caption":"JungeLiebe"},"image":{"@id":"https:\/\/jungeliebe.store\/#\/schema\/logo\/image\/"},"sameAs":["https:\/\/twitter.com\/JUNGELIEBE4"]}]}},"_links":{"self":[{"href":"https:\/\/jungeliebe.store\/en\/wp-json\/wp\/v2\/product\/504","targetHints":{"allow":["GET"]}}],"collection":[{"href":"https:\/\/jungeliebe.store\/en\/wp-json\/wp\/v2\/product"}],"about":[{"href":"https:\/\/jungeliebe.store\/en\/wp-json\/wp\/v2\/types\/product"}],"replies":[{"embeddable":true,"href":"https:\/\/jungeliebe.store\/en\/wp-json\/wp\/v2\/comments?post=504"}],"wp:featuredmedia":[{"embeddable":true,"href":"https:\/\/jungeliebe.store\/en\/wp-json\/wp\/v2\/media\/260"}],"wp:attachment":[{"href":"https:\/\/jungeliebe.store\/en\/wp-json\/wp\/v2\/media?parent=504"}],"wp:term":[{"taxonomy":"product_cat","embeddable":true,"href":"https:\/\/jungeliebe.store\/en\/wp-json\/wp\/v2\/product_cat?post=504"},{"taxonomy":"product_tag","embeddable":true,"href":"https:\/\/jungeliebe.store\/en\/wp-json\/wp\/v2\/product_tag?post=504"}],"curies":[{"name":"wp","href":"https:\/\/api.w.org\/{rel}","templated":true}]}}